{"id":5124,"date":"2025-03-03T14:53:31","date_gmt":"2025-03-03T13:53:31","guid":{"rendered":"https:\/\/666.metalunites.de\/?page_id=5124"},"modified":"2025-03-25T10:29:47","modified_gmt":"2025-03-25T09:29:47","slug":"hier-rocker-werden","status":"publish","type":"page","link":"https:\/\/metalunites.de\/en\/hier-rocker-werden\/","title":{"rendered":"Become ROCKER here"},"content":{"rendered":"<div data-elementor-type=\"wp-page\" data-elementor-id=\"5124\" class=\"elementor elementor-5124\" data-elementor-post-type=\"page\">\n\t\t\t\t<div class=\"elementor-element elementor-element-2910fc1 e-flex e-con-boxed e-con e-parent\" data-id=\"2910fc1\" data-element_type=\"container\" data-e-type=\"container\">\n\t\t\t\t\t<div class=\"e-con-inner\">\n\t\t<div class=\"elementor-element elementor-element-755c8e5 e-con-full e-flex e-con e-child\" data-id=\"755c8e5\" data-element_type=\"container\" data-e-type=\"container\">\n\t\t\t\t<div class=\"elementor-element elementor-element-f6b0d7e elementor-widget elementor-widget-heading\" data-id=\"f6b0d7e\" data-element_type=\"widget\" data-e-type=\"widget\" data-widget_type=\"heading.default\">\n\t\t\t\t<div class=\"elementor-widget-container\">\n\t\t\t\t\t<h3 class=\"elementor-heading-title elementor-size-default\">Become ROCKER here<\/h3>\t\t\t\t<\/div>\n\t\t\t\t<\/div>\n\t\t\t\t<\/div>\n\t\t\t\t\t<\/div>\n\t\t\t\t<\/div>\n\t\t<div class=\"elementor-element elementor-element-55eebcd e-flex e-con-boxed e-con e-parent\" data-id=\"55eebcd\" data-element_type=\"container\" data-e-type=\"container\">\n\t\t\t\t\t<div class=\"e-con-inner\">\n\t\t\t\t<div class=\"elementor-element elementor-element-907165f elementor-widget elementor-widget-text-editor\" data-id=\"907165f\" data-element_type=\"widget\" data-e-type=\"widget\" data-widget_type=\"text-editor.default\">\n\t\t\t\t<div class=\"elementor-widget-container\">\n\t\t\t\t\t\t\t\t\t<h3>Register right here and become a ROCKER.<\/h3><h5>Choose your duration.<br \/>(m) monthly: for one month, without automatic renewal.<br \/><br \/>(q) quarterly (3 months): renews automatically, 3-day trial period<br \/><br \/>(y) annually (12 months): renews automatically, 3-day trial period<\/h5><p><br \/>There is an automatic renewal for membership per quarter or year, so you won't miss a thing!<br \/>If you don't want this, please cancel in good time!<\/p>\t\t\t\t\t\t\t\t<\/div>\n\t\t\t\t<\/div>\n\t\t\t\t\t<\/div>\n\t\t\t\t<\/div>\n\t\t<div class=\"elementor-element elementor-element-b15dda6 e-flex e-con-boxed e-con e-parent\" data-id=\"b15dda6\" data-element_type=\"container\" data-e-type=\"container\">\n\t\t\t\t\t<div class=\"e-con-inner\">\n\t\t\t\t<div class=\"elementor-element elementor-element-040844d elementor-widget elementor-widget-shortcode\" data-id=\"040844d\" data-element_type=\"widget\" data-e-type=\"widget\" data-widget_type=\"shortcode.default\">\n\t\t\t\t<div class=\"elementor-widget-container\">\n\t\t\t\t\t\t\t<div class=\"elementor-shortcode\">\t<div class=\"pmpro container\">\r\n\t<div id=\"pmpro_levels\" class=\"pmpro_advanced_levels-div pmpro_levels-1col\">\r\n\t\t<div id=\"pmpro_level-1\" class=\"pmpro_level\">\r\n\t\t\t<div class=\"pmpro_card\">\r\n\t\t\t\t\t\t\t\t<h2 class=\"pmpro_card_title pmpro_font-large\">ROCKER (m)<\/h2>\r\n\r\n\t\t\t\t\t\t\t\t\t<div class=\"pmpro_card_content\">\r\n\t\t\t\t\t\t\t<p class=\"pmpro_level-price\">\r\n\t\tThe price for membership is <strong>&euro;2.50<\/strong> now. \t<\/p> <!-- end pmpro_level-price -->\r\n\t\t\t\t\t\t\t<p class=\"pmpro_level-select\">\r\n\t\t\t\t\t\t\t\t<a class=\"pmpro_btn pmpro_btn-select\" href=\"https:\/\/metalunites.de\/en\/checkout-2\/?level=1\">Register as ROCKER now!<\/a>\r\n\t\t\t\t\t\t\t<\/p> <!-- end .pmpro_level-select -->\r\n\t\t\t\t\t\t\t\t\t\t\t\t\t<div class=\"pmpro_level-description\">\r\n\t\t\t\t\t\t\t\t<div style=\"text-align: center\">\n<div><img fetchpriority=\"high\" decoding=\"async\" class=\"alignnone size-medium aligncenter\" src=\"\/Grafiken\/Characters\/ROCKER-small-MetalUnites.webp\" width=\"300\" height=\"300\" \/><\/div>\n<div>\n<p>&nbsp;<\/p>\n<p>ROCKER for one month!<\/p>\n<\/div>\n<div>The basic level.<\/div>\n<div>\n<p>No automatic renewal.<\/p>\n<\/div>\n<div>\n<hr \/>\n<\/div>\n<div style=\"text-align: center\">\n<div><i class=\"fa-solid fa-circle-check\" style=\"color: green\"><\/i> Access to all exclusive videos<\/div>\n<div><i class=\"fa-solid fa-circle-check\" style=\"color: green\"><\/i> Access to the webshop<\/div>\n<hr \/>\n<p>The displayed price is <strong>NET<\/strong>.<\/p>\n<p>You will see the gross price as soon as you have entered your country of residence.<\/p>\n<\/div>\n<\/div>\n\t\t\t\t\t\t\t<\/div> <!-- end .pmpro_level-description -->\r\n\t\t\t\t\t\t\t\t\t\t\t<\/div> <!-- end .pmpro_card_content -->\r\n\t\t\t\t\t\t\t\t\t\t\t<div class=\"pmpro_card_actions\">\r\n\t\t\t\t\t\t\t<div class=\"pmpro_level-meta\">\r\n\t\t\t\t\t\t\t\t\t\t\t\t\t\t\t\t<p class=\"pmpro_level-expiration\">\r\n\t\t\t\t\t\t\t\t\tMembership expires after 1 Month. <br><br>This level is currently only available in certain countries. This membership can only be purchased if you are resident in one of the following countries:<br> Belgium, Bulgaria, Denmark, Germany, Estonia, Finland, France, Greece, Ireland, Italy, Croatia, Latvia, Lithuania, Luxembourg, Malta, Netherlands, Norway, Austria, Poland, Portugal, Romania, Sweden, Slovenia, Slovakia, Spain, Czech Republic, Hungary, Cyprus, Australia, Japan, Canada, Switzerland, South Korea, Turkey, United Kingdom und United States.\t\t\t\t\t\t\t\t<\/p> <!-- end pmpro_level-expiration -->\r\n\t\t\t\t\t\t\t<\/div> <!-- .pmpro_level-meta -->\r\n\t\t\t\t\t\t<\/div> <!-- end .pmpro_card_actions -->\r\n\t\t\t\t\t\t\t\t\t\t\t\t\t\t\t\t<\/div> <!-- end .pmpro_card -->\r\n\t\t<\/div><!-- .pmpro_level -->\r\n\t\t\t\t<div id=\"pmpro_level-5\" class=\"pmpro_level\">\r\n\t\t\t<div class=\"pmpro_card\">\r\n\t\t\t\t\t\t\t\t<h2 class=\"pmpro_card_title pmpro_font-large\">ROCKER (q)<\/h2>\r\n\r\n\t\t\t\t\t\t\t\t\t<div class=\"pmpro_card_content\">\r\n\t\t\t\t\t\t\t<p class=\"pmpro_level-price\">\r\n\t\tThe price for membership is <strong>&euro;6.90 every 3 Months<\/strong> after your <strong>3<\/strong> day trial.\t<\/p> <!-- end pmpro_level-price -->\r\n\t\t\t\t\t\t\t<p class=\"pmpro_level-select\">\r\n\t\t\t\t\t\t\t\t<a class=\"pmpro_btn pmpro_btn-select\" href=\"https:\/\/metalunites.de\/en\/checkout-2\/?level=5\">Register as ROCKER now!<\/a>\r\n\t\t\t\t\t\t\t<\/p> <!-- end .pmpro_level-select -->\r\n\t\t\t\t\t\t\t\t\t\t\t\t\t<div class=\"pmpro_level-description\">\r\n\t\t\t\t\t\t\t\t<div style=\"text-align: center\">\n<div><img fetchpriority=\"high\" decoding=\"async\" class=\"alignnone size-medium aligncenter\" src=\"\/Grafiken\/Characters\/ROCKER-small-MetalUnites.webp\" width=\"300\" height=\"300\" \/><\/div>\n<div>\n<p>&nbsp;<\/p>\n<p>ROCKER for one quarter (3 months)!<\/p>\n<\/div>\n<div>The basic level.<\/div>\n<div>3 days trial<\/div>\n<div>\n<p>With automatic renewal.<\/p>\n<\/div>\n<div>\n<hr \/>\n<\/div>\n<div style=\"text-align: center\">\n<div><i class=\"fa-solid fa-circle-check\" style=\"color: green\"><\/i> Access to all exclusive videos<\/div>\n<div><i class=\"fa-solid fa-circle-check\" style=\"color: green\"><\/i> Access to the webshop<\/div>\n<hr \/>\n<p>The displayed price is <strong>NET<\/strong>.<\/p>\n<p>You will see the gross price as soon as you have entered your country of residence.<\/p>\n<\/div>\n<\/div>\n\t\t\t\t\t\t\t<\/div> <!-- end .pmpro_level-description -->\r\n\t\t\t\t\t\t\t\t\t\t\t<\/div> <!-- end .pmpro_card_content -->\r\n\t\t\t\t\t\t\t\t\t\t\t<div class=\"pmpro_card_actions\">\r\n\t\t\t\t\t\t\t<div class=\"pmpro_level-meta\">\r\n\t\t\t\t\t\t\t\t\t\t\t\t\t\t\t\t<p class=\"pmpro_level-expiration\">\r\n\t\t\t\t\t\t\t\t\t <br><br>This level is currently only available in certain countries. This membership can only be purchased if you are resident in one of the following countries:<br> Belgium, Bulgaria, Denmark, Germany, Estonia, Finland, France, Greece, Ireland, Italy, Croatia, Latvia, Lithuania, Luxembourg, Malta, Netherlands, Norway, Austria, Poland, Portugal, Romania, Sweden, Slovenia, Slovakia, Spain, Czech Republic, Hungary, Cyprus, Australia, Japan, Canada, Switzerland, South Korea, Turkey, United Kingdom und United States.\t\t\t\t\t\t\t\t<\/p> <!-- end pmpro_level-expiration -->\r\n\t\t\t\t\t\t\t<\/div> <!-- .pmpro_level-meta -->\r\n\t\t\t\t\t\t<\/div> <!-- end .pmpro_card_actions -->\r\n\t\t\t\t\t\t\t\t\t\t\t\t\t\t\t\t<\/div> <!-- end .pmpro_card -->\r\n\t\t<\/div><!-- .pmpro_level -->\r\n\t\t\t\t<div id=\"pmpro_level-6\" class=\"pmpro_level\">\r\n\t\t\t<div class=\"pmpro_card\">\r\n\t\t\t\t\t\t\t\t<h2 class=\"pmpro_card_title pmpro_font-large\">ROCKER (y)<\/h2>\r\n\r\n\t\t\t\t\t\t\t\t\t<div class=\"pmpro_card_content\">\r\n\t\t\t\t\t\t\t<p class=\"pmpro_level-price\">\r\n\t\tThe price for membership is <strong>&euro;24.00 per Year<\/strong> after your <strong>3<\/strong> day trial.\t<\/p> <!-- end pmpro_level-price -->\r\n\t\t\t\t\t\t\t<p class=\"pmpro_level-select\">\r\n\t\t\t\t\t\t\t\t<a class=\"pmpro_btn pmpro_btn-select\" href=\"https:\/\/metalunites.de\/en\/checkout-2\/?level=6\">Register as ROCKER now!<\/a>\r\n\t\t\t\t\t\t\t<\/p> <!-- end .pmpro_level-select -->\r\n\t\t\t\t\t\t\t\t\t\t\t\t\t<div class=\"pmpro_level-description\">\r\n\t\t\t\t\t\t\t\t<div style=\"text-align: center\">\n<div><img fetchpriority=\"high\" decoding=\"async\" class=\"alignnone size-medium aligncenter\" src=\"\/Grafiken\/Characters\/ROCKER-small-MetalUnites.webp\" width=\"300\" height=\"300\" \/><\/div>\n<div>\n<p>&nbsp;<\/p>\n<p>ROCKER for one year (12 months)!<\/p>\n<\/div>\n<p>&nbsp;<\/p>\n<div>The basic level.<\/div>\n<div>3 days trial<\/div>\n<div>\n<p>&nbsp;<\/p>\n<p>With automatic renewal.<\/p>\n<\/div>\n<p>&nbsp;<\/p>\n<div>\n<hr \/>\n<\/div>\n<div style=\"text-align: center\">\n<div><i class=\"fa-solid fa-circle-check\" style=\"color: green\"><\/i> Access to all exclusive videos<\/div>\n<div><i class=\"fa-solid fa-circle-check\" style=\"color: green\"><\/i> Access to the webshop<\/div>\n<hr \/>\n<p>The displayed price is <strong>NET<\/strong>.<\/p>\n<p>You will see the gross price as soon as you have entered your country of residence.<\/p>\n<\/div>\n<\/div>\n\t\t\t\t\t\t\t<\/div> <!-- end .pmpro_level-description -->\r\n\t\t\t\t\t\t\t\t\t\t\t<\/div> <!-- end .pmpro_card_content -->\r\n\t\t\t\t\t\t\t\t\t\t\t<div class=\"pmpro_card_actions\">\r\n\t\t\t\t\t\t\t<div class=\"pmpro_level-meta\">\r\n\t\t\t\t\t\t\t\t\t\t\t\t\t\t\t\t<p class=\"pmpro_level-expiration\">\r\n\t\t\t\t\t\t\t\t\t <br><br>This level is currently only available in certain countries. This membership can only be purchased if you are resident in one of the following countries:<br> Belgium, Bulgaria, Denmark, Germany, Estonia, Finland, France, Greece, Ireland, Italy, Croatia, Latvia, Lithuania, Luxembourg, Malta, Netherlands, Norway, Austria, Poland, Portugal, Romania, Sweden, Slovenia, Slovakia, Spain, Czech Republic, Hungary, Cyprus, Australia, Japan, Canada, Switzerland, South Korea, Turkey, United Kingdom und United States.\t\t\t\t\t\t\t\t<\/p> <!-- end pmpro_level-expiration -->\r\n\t\t\t\t\t\t\t<\/div> <!-- .pmpro_level-meta -->\r\n\t\t\t\t\t\t<\/div> <!-- end .pmpro_card_actions -->\r\n\t\t\t\t\t\t\t\t\t\t\t\t\t\t\t\t<\/div> <!-- end .pmpro_card -->\r\n\t\t<\/div><!-- .pmpro_level -->\r\n\t\t<\/div> <!-- #pmpro_levels, .row -->\r\n\r\n\t\t\t<div class=\"pmpro_actions_nav pmproal_actions_nav\">\r\n\t\t\t<span class=\"pmpro_actions_nav-left\">\r\n\t\t\t\t\t\t\t\t\t<a href=\"https:\/\/metalunites.de\/en\">&larr; Return to Home<\/a>\r\n\t\t\t\t\t\t\t<\/span>\r\n\t\t<\/div>\r\n\t\r\n\t<\/div><!--.pmpro-->\r\n\r\n\t<\/div>\n\t\t\t\t\t\t<\/div>\n\t\t\t\t<\/div>\n\t\t\t\t\t<\/div>\n\t\t\t\t<\/div>\n\t\t\t\t<\/div>","protected":false},"excerpt":{"rendered":"<p>Hier ROCKER werden Hier registrieren und ROCKER werden. W\u00e4hlt Eure Laufzeit.(m) monatlich: einen Monat lang, ohne automatische Verl\u00e4ngerung. (q) quartalsweise (3 Monate): verl\u00e4ngert sich automatisch, 3 Tage Testphase (y) j\u00e4hrlich [&hellip;]<\/p>\n","protected":false},"author":1,"featured_media":0,"parent":0,"menu_order":0,"comment_status":"closed","ping_status":"closed","template":"","meta":{"_acf_changed":false,"pmpro_default_level":"","_price":"","_stock":"","_tribe_ticket_header":"","_tribe_default_ticket_provider":"","_tribe_ticket_capacity":"0","_ticket_start_date":"","_ticket_end_date":"","_tribe_ticket_show_description":"","_tribe_ticket_show_not_going":false,"_tribe_ticket_use_global_stock":"","_tribe_ticket_global_stock_level":"","_global_stock_mode":"","_global_stock_cap":"","_tribe_rsvp_for_event":"","_tribe_ticket_going_count":"","_tribe_ticket_not_going_count":"","_tribe_tickets_list":"[]","_tribe_ticket_has_attendee_info_fields":false,"footnotes":"","_tec_slr_enabled":"","_tec_slr_layout":""},"class_list":["post-5124","page","type-page","status-publish","hentry","pmpro-has-access"],"acf":[],"yoast_head":"<!-- This site is optimized with the Yoast SEO plugin v27.5 - https:\/\/yoast.com\/product\/yoast-seo-wordpress\/ -->\n<title>Hier ROCKER werden - MetalUnites<\/title>\n<meta name=\"robots\" content=\"index, follow, max-snippet:-1, max-image-preview:large, max-video-preview:-1\" \/>\n<link rel=\"canonical\" href=\"https:\/\/metalunites.de\/en\/hier-rocker-werden\/\" \/>\n<meta property=\"og:locale\" content=\"en_US\" \/>\n<meta property=\"og:type\" content=\"article\" \/>\n<meta property=\"og:title\" content=\"Hier ROCKER werden - MetalUnites\" \/>\n<meta property=\"og:description\" content=\"Hier ROCKER werden Hier registrieren und ROCKER werden. W\u00e4hlt Eure Laufzeit.(m) monatlich: einen Monat lang, ohne automatische Verl\u00e4ngerung. (q) quartalsweise (3 Monate): verl\u00e4ngert sich automatisch, 3 Tage Testphase (y) j\u00e4hrlich [&hellip;]\" \/>\n<meta property=\"og:url\" content=\"https:\/\/metalunites.de\/en\/hier-rocker-werden\/\" \/>\n<meta property=\"og:site_name\" content=\"MetalUnites\" \/>\n<meta property=\"article:publisher\" content=\"https:\/\/www.facebook.com\/metal.unites.worldwide\" \/>\n<meta property=\"article:modified_time\" content=\"2025-03-25T09:29:47+00:00\" \/>\n<meta property=\"og:image\" content=\"https:\/\/metalunites.de\/wp-content\/uploads\/2025\/02\/Logo-METALunites-640x500-1.jpg\" \/>\n\t<meta property=\"og:image:width\" content=\"649\" \/>\n\t<meta property=\"og:image:height\" content=\"500\" \/>\n\t<meta property=\"og:image:type\" content=\"image\/jpeg\" \/>\n<meta name=\"twitter:card\" content=\"summary_large_image\" \/>\n<script type=\"application\/ld+json\" class=\"yoast-schema-graph\">{\"@context\":\"https:\\\/\\\/schema.org\",\"@graph\":[{\"@type\":\"WebPage\",\"@id\":\"https:\\\/\\\/metalunites.de\\\/hier-rocker-werden\\\/\",\"url\":\"https:\\\/\\\/metalunites.de\\\/hier-rocker-werden\\\/\",\"name\":\"Hier ROCKER werden - MetalUnites\",\"isPartOf\":{\"@id\":\"https:\\\/\\\/metalunites.de\\\/en\\\/#website\"},\"datePublished\":\"2025-03-03T13:53:31+00:00\",\"dateModified\":\"2025-03-25T09:29:47+00:00\",\"breadcrumb\":{\"@id\":\"https:\\\/\\\/metalunites.de\\\/hier-rocker-werden\\\/#breadcrumb\"},\"inLanguage\":\"en-US\",\"potentialAction\":[{\"@type\":\"ReadAction\",\"target\":[\"https:\\\/\\\/metalunites.de\\\/hier-rocker-werden\\\/\"]}]},{\"@type\":\"BreadcrumbList\",\"@id\":\"https:\\\/\\\/metalunites.de\\\/hier-rocker-werden\\\/#breadcrumb\",\"itemListElement\":[{\"@type\":\"ListItem\",\"position\":1,\"name\":\"Startseite\",\"item\":\"https:\\\/\\\/metalunites.de\\\/de\\\/\"},{\"@type\":\"ListItem\",\"position\":2,\"name\":\"Hier ROCKER werden\"}]},{\"@type\":\"WebSite\",\"@id\":\"https:\\\/\\\/metalunites.de\\\/en\\\/#website\",\"url\":\"https:\\\/\\\/metalunites.de\\\/en\\\/\",\"name\":\"MetalUnites\",\"description\":\"Fans of all metal genres are hellcome.\",\"publisher\":{\"@id\":\"https:\\\/\\\/metalunites.de\\\/en\\\/#organization\"},\"alternateName\":\"MU\",\"potentialAction\":[{\"@type\":\"SearchAction\",\"target\":{\"@type\":\"EntryPoint\",\"urlTemplate\":\"https:\\\/\\\/metalunites.de\\\/en\\\/?s={search_term_string}\"},\"query-input\":{\"@type\":\"PropertyValueSpecification\",\"valueRequired\":true,\"valueName\":\"search_term_string\"}}],\"inLanguage\":\"en-US\"},{\"@type\":\"Organization\",\"@id\":\"https:\\\/\\\/metalunites.de\\\/en\\\/#organization\",\"name\":\"MetalUnites - hellcome.\",\"url\":\"https:\\\/\\\/metalunites.de\\\/en\\\/\",\"logo\":{\"@type\":\"ImageObject\",\"inLanguage\":\"en-US\",\"@id\":\"https:\\\/\\\/metalunites.de\\\/en\\\/#\\\/schema\\\/logo\\\/image\\\/\",\"url\":\"https:\\\/\\\/metalunites.de\\\/wp-content\\\/uploads\\\/2025\\\/02\\\/Logo-METALunites-640x500-1.jpg\",\"contentUrl\":\"https:\\\/\\\/metalunites.de\\\/wp-content\\\/uploads\\\/2025\\\/02\\\/Logo-METALunites-640x500-1.jpg\",\"width\":649,\"height\":500,\"caption\":\"MetalUnites - hellcome.\"},\"image\":{\"@id\":\"https:\\\/\\\/metalunites.de\\\/en\\\/#\\\/schema\\\/logo\\\/image\\\/\"},\"sameAs\":[\"https:\\\/\\\/www.facebook.com\\\/metal.unites.worldwide\",\"https:\\\/\\\/www.instagram.com\\\/metal_unites\",\"https:\\\/\\\/www.youtube.com\\\/@MetalUnites\",\"https:\\\/\\\/metalunites.bsky.social\\\/\",\"https:\\\/\\\/metalUnites@metalhead.club\\\/\",\"https:\\\/\\\/www.threads.net\\\/@metal_unites\"]}]}<\/script>\n<!-- \/ Yoast SEO plugin. -->","yoast_head_json":{"title":"Hier ROCKER werden - MetalUnites","robots":{"index":"index","follow":"follow","max-snippet":"max-snippet:-1","max-image-preview":"max-image-preview:large","max-video-preview":"max-video-preview:-1"},"canonical":"https:\/\/metalunites.de\/en\/hier-rocker-werden\/","og_locale":"en_US","og_type":"article","og_title":"Hier ROCKER werden - MetalUnites","og_description":"Hier ROCKER werden Hier registrieren und ROCKER werden. W\u00e4hlt Eure Laufzeit.(m) monatlich: einen Monat lang, ohne automatische Verl\u00e4ngerung. (q) quartalsweise (3 Monate): verl\u00e4ngert sich automatisch, 3 Tage Testphase (y) j\u00e4hrlich [&hellip;]","og_url":"https:\/\/metalunites.de\/en\/hier-rocker-werden\/","og_site_name":"MetalUnites","article_publisher":"https:\/\/www.facebook.com\/metal.unites.worldwide","article_modified_time":"2025-03-25T09:29:47+00:00","og_image":[{"width":649,"height":500,"url":"https:\/\/metalunites.de\/wp-content\/uploads\/2025\/02\/Logo-METALunites-640x500-1.jpg","type":"image\/jpeg"}],"twitter_card":"summary_large_image","schema":{"@context":"https:\/\/schema.org","@graph":[{"@type":"WebPage","@id":"https:\/\/metalunites.de\/hier-rocker-werden\/","url":"https:\/\/metalunites.de\/hier-rocker-werden\/","name":"Hier ROCKER werden - MetalUnites","isPartOf":{"@id":"https:\/\/metalunites.de\/en\/#website"},"datePublished":"2025-03-03T13:53:31+00:00","dateModified":"2025-03-25T09:29:47+00:00","breadcrumb":{"@id":"https:\/\/metalunites.de\/hier-rocker-werden\/#breadcrumb"},"inLanguage":"en-US","potentialAction":[{"@type":"ReadAction","target":["https:\/\/metalunites.de\/hier-rocker-werden\/"]}]},{"@type":"BreadcrumbList","@id":"https:\/\/metalunites.de\/hier-rocker-werden\/#breadcrumb","itemListElement":[{"@type":"ListItem","position":1,"name":"Startseite","item":"https:\/\/metalunites.de\/de\/"},{"@type":"ListItem","position":2,"name":"Hier ROCKER werden"}]},{"@type":"WebSite","@id":"https:\/\/metalunites.de\/en\/#website","url":"https:\/\/metalunites.de\/en\/","name":"MetalUnites","description":"Fans of all metal genres are hellcome.","publisher":{"@id":"https:\/\/metalunites.de\/en\/#organization"},"alternateName":"MU","potentialAction":[{"@type":"SearchAction","target":{"@type":"EntryPoint","urlTemplate":"https:\/\/metalunites.de\/en\/?s={search_term_string}"},"query-input":{"@type":"PropertyValueSpecification","valueRequired":true,"valueName":"search_term_string"}}],"inLanguage":"en-US"},{"@type":"Organization","@id":"https:\/\/metalunites.de\/en\/#organization","name":"MetalUnites - hellcome.","url":"https:\/\/metalunites.de\/en\/","logo":{"@type":"ImageObject","inLanguage":"en-US","@id":"https:\/\/metalunites.de\/en\/#\/schema\/logo\/image\/","url":"https:\/\/metalunites.de\/wp-content\/uploads\/2025\/02\/Logo-METALunites-640x500-1.jpg","contentUrl":"https:\/\/metalunites.de\/wp-content\/uploads\/2025\/02\/Logo-METALunites-640x500-1.jpg","width":649,"height":500,"caption":"MetalUnites - hellcome."},"image":{"@id":"https:\/\/metalunites.de\/en\/#\/schema\/logo\/image\/"},"sameAs":["https:\/\/www.facebook.com\/metal.unites.worldwide","https:\/\/www.instagram.com\/metal_unites","https:\/\/www.youtube.com\/@MetalUnites","https:\/\/metalunites.bsky.social\/","https:\/\/metalUnites@metalhead.club\/","https:\/\/www.threads.net\/@metal_unites"]}]}},"ticketed":false,"_links":{"self":[{"href":"https:\/\/metalunites.de\/en\/wp-json\/wp\/v2\/pages\/5124","targetHints":{"allow":["GET"]}}],"collection":[{"href":"https:\/\/metalunites.de\/en\/wp-json\/wp\/v2\/pages"}],"about":[{"href":"https:\/\/metalunites.de\/en\/wp-json\/wp\/v2\/types\/page"}],"author":[{"embeddable":true,"href":"https:\/\/metalunites.de\/en\/wp-json\/wp\/v2\/users\/1"}],"replies":[{"embeddable":true,"href":"https:\/\/metalunites.de\/en\/wp-json\/wp\/v2\/comments?post=5124"}],"version-history":[{"count":0,"href":"https:\/\/metalunites.de\/en\/wp-json\/wp\/v2\/pages\/5124\/revisions"}],"wp:attachment":[{"href":"https:\/\/metalunites.de\/en\/wp-json\/wp\/v2\/media?parent=5124"}],"curies":[{"name":"wp","href":"https:\/\/api.w.org\/{rel}","templated":true}]}}