{"id":4967,"date":"2025-02-27T11:09:30","date_gmt":"2025-02-27T10:09:30","guid":{"rendered":"https:\/\/666.metalunites.de\/?page_id=4967"},"modified":"2025-08-11T11:34:38","modified_gmt":"2025-08-11T09:34:38","slug":"podcasts","status":"publish","type":"page","link":"https:\/\/metalunites.de\/en\/hellcome\/podcasts\/","title":{"rendered":"Podcasts"},"content":{"rendered":"<div data-elementor-type=\"wp-page\" data-elementor-id=\"4967\" class=\"elementor elementor-4967\" data-elementor-post-type=\"page\">\n\t\t\t\t<div class=\"elementor-element elementor-element-1f4b130 e-flex e-con-boxed e-con e-parent\" data-id=\"1f4b130\" data-element_type=\"container\" data-e-type=\"container\">\n\t\t\t\t\t<div class=\"e-con-inner\">\n\t\t<div class=\"elementor-element elementor-element-491117e e-con-full e-flex e-con e-child\" data-id=\"491117e\" data-element_type=\"container\" data-e-type=\"container\">\n\t\t\t\t<div class=\"elementor-element elementor-element-2a89657 elementor-widget elementor-widget-heading\" data-id=\"2a89657\" data-element_type=\"widget\" data-e-type=\"widget\" data-widget_type=\"heading.default\">\n\t\t\t\t<div class=\"elementor-widget-container\">\n\t\t\t\t\t<h3 class=\"elementor-heading-title elementor-size-default\">Podcasts for metalfans<\/h3>\t\t\t\t<\/div>\n\t\t\t\t<\/div>\n\t\t\t\t<\/div>\n\t\t\t\t\t<\/div>\n\t\t\t\t<\/div>\n\t\t<div class=\"elementor-element elementor-element-e45db10 e-flex e-con-boxed e-con e-parent\" data-id=\"e45db10\" data-element_type=\"container\" data-e-type=\"container\">\n\t\t\t\t\t<div class=\"e-con-inner\">\n\t\t\t\t<div class=\"elementor-element elementor-element-059e304 elementor-widget elementor-widget-text-editor\" data-id=\"059e304\" data-element_type=\"widget\" data-e-type=\"widget\" data-widget_type=\"text-editor.default\">\n\t\t\t\t<div class=\"elementor-widget-container\">\n\t\t\t\t\t\t\t\t\t<p>Here you will find selected podcasts with a \u201cmetal reference\u201d.<br \/>The language in which the podcast can be heard is shown in brackets.<br \/>DE = german \/ EN = english<\/p><p>We include the last 12 possible episodes of each podcast. <br \/>The respective podcaster is responsible for ensuring that the content is up to date.<\/p><p>You have a podcast and want to appear here too?\u00a0<br \/>Send your information by e-mail to: <a href=\"mailto:mail@metalunites.de?subject=Podcast\">mail(at)metalunites.de<\/a>, Subject: <strong>PODCAST.<br \/><\/strong><\/p>\t\t\t\t\t\t\t\t<\/div>\n\t\t\t\t<\/div>\n\t\t\t\t\t<\/div>\n\t\t\t\t<\/div>\n\t\t<div class=\"elementor-element elementor-element-b8807e7 e-grid e-con-boxed e-con e-parent\" data-id=\"b8807e7\" data-element_type=\"container\" data-e-type=\"container\">\n\t\t\t\t\t<div class=\"e-con-inner\">\n\t\t\t\t<div class=\"elementor-element elementor-element-d4033ce elementor-widget elementor-widget-image\" data-id=\"d4033ce\" data-element_type=\"widget\" data-e-type=\"widget\" data-widget_type=\"image.default\">\n\t\t\t\t<div class=\"elementor-widget-container\">\n\t\t\t\t\t\t\t\t\t\t\t\t<figure class=\"wp-caption\">\n\t\t\t\t\t\t\t\t\t\t\t<a href=\"\/en\/hellcome\/podcasts\/p-a-g-a-n-podcast-against-goodness-and-normalcy\/\">\n\t\t\t\t\t\t\t<img decoding=\"async\" src=\"https:\/\/encrypted-tbn0.gstatic.com\/images?q=tbn:ANd9GcQJAl_2WV-vylmc5eG6dQOrG-Xm1CiVVGax74lSLj2pRA&#038;s\" title=\"\" alt=\"\" loading=\"lazy\" \/>\t\t\t\t\t\t\t\t<\/a>\n\t\t\t\t\t\t\t\t\t\t\t<figcaption class=\"widget-image-caption wp-caption-text\">P.A.G.A.N. - Podcast Agains Goodness And Normalcy (DE)<\/figcaption>\n\t\t\t\t\t\t\t\t\t\t<\/figure>\n\t\t\t\t\t\t\t\t\t<\/div>\n\t\t\t\t<\/div>\n\t\t\t\t<div class=\"elementor-element elementor-element-7cf66fd elementor-widget elementor-widget-image\" data-id=\"7cf66fd\" data-element_type=\"widget\" data-e-type=\"widget\" data-widget_type=\"image.default\">\n\t\t\t\t<div class=\"elementor-widget-container\">\n\t\t\t\t\t\t\t\t\t\t\t\t<figure class=\"wp-caption\">\n\t\t\t\t\t\t\t\t\t\t\t<a href=\"\/en\/hellcome\/podcasts\/the-metal-pit\/\">\n\t\t\t\t\t\t\t<img decoding=\"async\" src=\"https:\/\/www.themetalpit.org\/wp-content\/uploads\/2025\/04\/100th-podcast-episode-picking-th.jpg?1745318343992\" title=\"\" alt=\"\" loading=\"lazy\" \/>\t\t\t\t\t\t\t\t<\/a>\n\t\t\t\t\t\t\t\t\t\t\t<figcaption class=\"widget-image-caption wp-caption-text\">The Metal Pit (EN)<\/figcaption>\n\t\t\t\t\t\t\t\t\t\t<\/figure>\n\t\t\t\t\t\t\t\t\t<\/div>\n\t\t\t\t<\/div>\n\t\t\t\t<div class=\"elementor-element elementor-element-8eabccd elementor-widget elementor-widget-image\" data-id=\"8eabccd\" data-element_type=\"widget\" data-e-type=\"widget\" data-widget_type=\"image.default\">\n\t\t\t\t<div class=\"elementor-widget-container\">\n\t\t\t\t\t\t\t\t\t\t\t\t<figure class=\"wp-caption\">\n\t\t\t\t\t\t\t\t\t\t\t<a href=\"\/en\/hellcome\/podcasts\/ovtcast\/\">\n\t\t\t\t\t\t\t<img decoding=\"async\" src=\"https:\/\/assets.bigcartel.com\/theme_images\/58879203\/OVTCAST_Logo_2020_freigestellt_2x3k.png?auto=format&#038;fit=max&#038;h=800&#038;w=2136\" title=\"\" alt=\"\" loading=\"lazy\" \/>\t\t\t\t\t\t\t\t<\/a>\n\t\t\t\t\t\t\t\t\t\t\t<figcaption class=\"widget-image-caption wp-caption-text\">ovtcast - Pvure fvcking Metal Podcast (DE)<\/figcaption>\n\t\t\t\t\t\t\t\t\t\t<\/figure>\n\t\t\t\t\t\t\t\t\t<\/div>\n\t\t\t\t<\/div>\n\t\t\t\t<div class=\"elementor-element elementor-element-4e3853c elementor-widget elementor-widget-image\" data-id=\"4e3853c\" data-element_type=\"widget\" data-e-type=\"widget\" data-widget_type=\"image.default\">\n\t\t\t\t<div class=\"elementor-widget-container\">\n\t\t\t\t\t\t\t\t\t\t\t\t<figure class=\"wp-caption\">\n\t\t\t\t\t\t\t\t\t\t\t<a href=\"\/en\/hellcome\/podcasts\/gear-of-the-dark\/\">\n\t\t\t\t\t\t\t<img decoding=\"async\" src=\"\/Grafiken\/Podcasts\/GearOfTheDark-Logo.webp\" title=\"\" alt=\"\" loading=\"lazy\" \/>\t\t\t\t\t\t\t\t<\/a>\n\t\t\t\t\t\t\t\t\t\t\t<figcaption class=\"widget-image-caption wp-caption-text\">Gear of the Dark (DE)<\/figcaption>\n\t\t\t\t\t\t\t\t\t\t<\/figure>\n\t\t\t\t\t\t\t\t\t<\/div>\n\t\t\t\t<\/div>\n\t\t\t\t<div class=\"elementor-element elementor-element-4c16058 elementor-widget elementor-widget-image\" data-id=\"4c16058\" data-element_type=\"widget\" data-e-type=\"widget\" data-widget_type=\"image.default\">\n\t\t\t\t<div class=\"elementor-widget-container\">\n\t\t\t\t\t\t\t\t\t\t\t\t<figure class=\"wp-caption\">\n\t\t\t\t\t\t\t\t\t\t\t<a href=\"\/en\/hellcome\/podcasts\/tod-steine-scherben\/\">\n\t\t\t\t\t\t\t<img decoding=\"async\" src=\"https:\/\/www.todsteinescherben.de\/wp-content\/cache\/podlove\/d7\/7231389b45ec8e4ccdd47acc0118f8\/tod-steine-scherben_500x.jpg\" title=\"\" alt=\"\" loading=\"lazy\" \/>\t\t\t\t\t\t\t\t<\/a>\n\t\t\t\t\t\t\t\t\t\t\t<figcaption class=\"widget-image-caption wp-caption-text\">Tod Steine Scherben (DE)<\/figcaption>\n\t\t\t\t\t\t\t\t\t\t<\/figure>\n\t\t\t\t\t\t\t\t\t<\/div>\n\t\t\t\t<\/div>\n\t\t\t\t<div class=\"elementor-element elementor-element-014e5aa elementor-widget elementor-widget-image\" data-id=\"014e5aa\" data-element_type=\"widget\" data-e-type=\"widget\" data-widget_type=\"image.default\">\n\t\t\t\t<div class=\"elementor-widget-container\">\n\t\t\t\t\t\t\t\t\t\t\t\t<figure class=\"wp-caption\">\n\t\t\t\t\t\t\t\t\t\t\t<a href=\"\/en\/hellcome\/podcasts\/talking-metal\/\">\n\t\t\t\t\t\t\t<img decoding=\"async\" src=\"https:\/\/content.production.cdn.art19.com\/images\/48\/60\/7e\/dc\/48607edc-203d-4d1c-b3ae-01a510fe0e0e\/c87de76ce2f45b72b4e91dae15f0060e742959c736e543a756a1a09b7fae0986719cfaaccde803e78fb276e780d664990d276195b194c2f2f09f20a20b76f333.jpeg\" title=\"\" alt=\"\" loading=\"lazy\" \/>\t\t\t\t\t\t\t\t<\/a>\n\t\t\t\t\t\t\t\t\t\t\t<figcaption class=\"widget-image-caption wp-caption-text\">Talking Metal (EN)<\/figcaption>\n\t\t\t\t\t\t\t\t\t\t<\/figure>\n\t\t\t\t\t\t\t\t\t<\/div>\n\t\t\t\t<\/div>\n\t\t\t\t<div class=\"elementor-element elementor-element-36979e5 elementor-widget elementor-widget-image\" data-id=\"36979e5\" data-element_type=\"widget\" data-e-type=\"widget\" data-widget_type=\"image.default\">\n\t\t\t\t<div class=\"elementor-widget-container\">\n\t\t\t\t\t\t\t\t\t\t\t\t<figure class=\"wp-caption\">\n\t\t\t\t\t\t\t\t\t\t\t<a href=\"\/en\/hellcome\/podcasts\/that-metal-interview\/\">\n\t\t\t\t\t\t\t<img decoding=\"async\" src=\"https:\/\/www.buzzsprout.com\/rails\/active_storage\/representations\/redirect\/eyJfcmFpbHMiOnsibWVzc2FnZSI6IkJBaHBCQk9BckFVPSIsImV4cCI6bnVsbCwicHVyIjoiYmxvYl9pZCJ9fQ==--b64ddeb2605c5daeddcb5cf18c3564889637d954\/eyJfcmFpbHMiOnsibWVzc2FnZSI6IkJBaDdDVG9MWm05eWJXRjBPZ2hxY0djNkUzSmxjMmw2WlY5MGIxOW1hV3hzV3docEFsZ0NhUUpZQW5zR09nbGpjbTl3T2d0alpXNTBjbVU2Q25OaGRtVnlld1k2REhGMVlXeHBkSGxwUVRvUVkyOXNiM1Z5YzNCaFkyVkpJZ2x6Y21kaUJqb0dSVlE9IiwiZXhwIjpudWxsLCJwdXIiOiJ2YXJpYXRpb24ifX0=--1924d851274c06c8fa0acdfeffb43489fc4a7fcc\/tmi%20new%20blue%20sq.jpg\" title=\"\" alt=\"\" loading=\"lazy\" \/>\t\t\t\t\t\t\t\t<\/a>\n\t\t\t\t\t\t\t\t\t\t\t<figcaption class=\"widget-image-caption wp-caption-text\">That Metal Interview (EN)<\/figcaption>\n\t\t\t\t\t\t\t\t\t\t<\/figure>\n\t\t\t\t\t\t\t\t\t<\/div>\n\t\t\t\t<\/div>\n\t\t\t\t<div class=\"elementor-element elementor-element-26b1734 elementor-widget elementor-widget-image\" data-id=\"26b1734\" data-element_type=\"widget\" data-e-type=\"widget\" data-widget_type=\"image.default\">\n\t\t\t\t<div class=\"elementor-widget-container\">\n\t\t\t\t\t\t\t\t\t\t\t\t<figure class=\"wp-caption\">\n\t\t\t\t\t\t\t\t\t\t\t<a href=\"\/en\/hellcome\/podcasts\/p-a-g-a-n-podcast-against-goodness-and-normalcy\/\">\n\t\t\t\t\t\t\t<img decoding=\"async\" src=\"https:\/\/assets.bigcartel.com\/theme_images\/130953681\/CoD+Logo+Kopie.jpg?auto=format&#038;fit=max&#038;h=800&#038;w=2136\" title=\"\" alt=\"\" loading=\"lazy\" \/>\t\t\t\t\t\t\t\t<\/a>\n\t\t\t\t\t\t\t\t\t\t\t<figcaption class=\"widget-image-caption wp-caption-text\">Cause of Deaf (DE)<\/figcaption>\n\t\t\t\t\t\t\t\t\t\t<\/figure>\n\t\t\t\t\t\t\t\t\t<\/div>\n\t\t\t\t<\/div>\n\t\t\t\t\t<\/div>\n\t\t\t\t<\/div>\n\t\t\t\t<\/div>","protected":false},"excerpt":{"rendered":"<p>Podcasts f\u00fcr Metalfans Hier findest Du ausgew\u00e4hlte Podcasts mit &#8222;Metalbezug&#8220;.In Klammern steht, in welcher Sprache der Podcast h\u00f6rbar ist.DE = deutsch \/ EN = englisch Wir binden die jeweils letzten [&hellip;]<\/p>\n","protected":false},"author":1,"featured_media":0,"parent":343,"menu_order":0,"comment_status":"closed","ping_status":"closed","template":"","meta":{"_acf_changed":false,"pmpro_default_level":"","_price":"","_stock":"","_tribe_ticket_header":"","_tribe_default_ticket_provider":"","_tribe_ticket_capacity":"0","_ticket_start_date":"","_ticket_end_date":"","_tribe_ticket_show_description":"","_tribe_ticket_show_not_going":false,"_tribe_ticket_use_global_stock":"","_tribe_ticket_global_stock_level":"","_global_stock_mode":"","_global_stock_cap":"","_tribe_rsvp_for_event":"","_tribe_ticket_going_count":"","_tribe_ticket_not_going_count":"","_tribe_tickets_list":"[]","_tribe_ticket_has_attendee_info_fields":false,"footnotes":"","_tec_slr_enabled":"","_tec_slr_layout":""},"class_list":["post-4967","page","type-page","status-publish","hentry","pmpro-has-access"],"acf":[],"yoast_head":"<!-- This site is optimized with the Yoast SEO plugin v27.5 - https:\/\/yoast.com\/product\/yoast-seo-wordpress\/ -->\n<title>Podcasts - MetalUnites<\/title>\n<meta name=\"robots\" content=\"index, follow, max-snippet:-1, max-image-preview:large, max-video-preview:-1\" \/>\n<link rel=\"canonical\" href=\"https:\/\/metalunites.de\/en\/hellcome\/podcasts\/\" \/>\n<meta property=\"og:locale\" content=\"en_US\" \/>\n<meta property=\"og:type\" content=\"article\" \/>\n<meta property=\"og:title\" content=\"Podcasts - MetalUnites\" \/>\n<meta property=\"og:description\" content=\"Podcasts f\u00fcr Metalfans Hier findest Du ausgew\u00e4hlte Podcasts mit &#8222;Metalbezug&#8220;.In Klammern steht, in welcher Sprache der Podcast h\u00f6rbar ist.DE = deutsch \/ EN = englisch Wir binden die jeweils letzten [&hellip;]\" \/>\n<meta property=\"og:url\" content=\"https:\/\/metalunites.de\/en\/hellcome\/podcasts\/\" \/>\n<meta property=\"og:site_name\" content=\"MetalUnites\" \/>\n<meta property=\"article:publisher\" content=\"https:\/\/www.facebook.com\/metal.unites.worldwide\" \/>\n<meta property=\"article:modified_time\" content=\"2025-08-11T09:34:38+00:00\" \/>\n<meta property=\"og:image\" content=\"https:\/\/encrypted-tbn0.gstatic.com\/images?q=tbn:ANd9GcQJAl_2WV-vylmc5eG6dQOrG-Xm1CiVVGax74lSLj2pRA&#038;s\" \/>\n<meta name=\"twitter:card\" content=\"summary_large_image\" \/>\n<meta name=\"twitter:label1\" content=\"Est. reading time\" \/>\n\t<meta name=\"twitter:data1\" content=\"3 minutes\" \/>\n<script type=\"application\/ld+json\" class=\"yoast-schema-graph\">{\"@context\":\"https:\\\/\\\/schema.org\",\"@graph\":[{\"@type\":\"WebPage\",\"@id\":\"https:\\\/\\\/metalunites.de\\\/de\\\/hellcome\\\/podcasts\\\/\",\"url\":\"https:\\\/\\\/metalunites.de\\\/de\\\/hellcome\\\/podcasts\\\/\",\"name\":\"Podcasts - MetalUnites\",\"isPartOf\":{\"@id\":\"https:\\\/\\\/metalunites.de\\\/en\\\/#website\"},\"primaryImageOfPage\":{\"@id\":\"https:\\\/\\\/metalunites.de\\\/de\\\/hellcome\\\/podcasts\\\/#primaryimage\"},\"image\":{\"@id\":\"https:\\\/\\\/metalunites.de\\\/de\\\/hellcome\\\/podcasts\\\/#primaryimage\"},\"thumbnailUrl\":\"https:\\\/\\\/encrypted-tbn0.gstatic.com\\\/images?q=tbn:ANd9GcQJAl_2WV-vylmc5eG6dQOrG-Xm1CiVVGax74lSLj2pRA&#038;s\",\"datePublished\":\"2025-02-27T10:09:30+00:00\",\"dateModified\":\"2025-08-11T09:34:38+00:00\",\"breadcrumb\":{\"@id\":\"https:\\\/\\\/metalunites.de\\\/de\\\/hellcome\\\/podcasts\\\/#breadcrumb\"},\"inLanguage\":\"en-US\",\"potentialAction\":[{\"@type\":\"ReadAction\",\"target\":[\"https:\\\/\\\/metalunites.de\\\/de\\\/hellcome\\\/podcasts\\\/\"]}]},{\"@type\":\"ImageObject\",\"inLanguage\":\"en-US\",\"@id\":\"https:\\\/\\\/metalunites.de\\\/de\\\/hellcome\\\/podcasts\\\/#primaryimage\",\"url\":\"https:\\\/\\\/encrypted-tbn0.gstatic.com\\\/images?q=tbn:ANd9GcQJAl_2WV-vylmc5eG6dQOrG-Xm1CiVVGax74lSLj2pRA&#038;s\",\"contentUrl\":\"https:\\\/\\\/encrypted-tbn0.gstatic.com\\\/images?q=tbn:ANd9GcQJAl_2WV-vylmc5eG6dQOrG-Xm1CiVVGax74lSLj2pRA&#038;s\"},{\"@type\":\"BreadcrumbList\",\"@id\":\"https:\\\/\\\/metalunites.de\\\/de\\\/hellcome\\\/podcasts\\\/#breadcrumb\",\"itemListElement\":[{\"@type\":\"ListItem\",\"position\":1,\"name\":\"Startseite\",\"item\":\"https:\\\/\\\/metalunites.de\\\/de\\\/\"},{\"@type\":\"ListItem\",\"position\":2,\"name\":\"hellcome\",\"item\":\"https:\\\/\\\/metalunites.de\\\/de\\\/\"},{\"@type\":\"ListItem\",\"position\":3,\"name\":\"Podcasts\"}]},{\"@type\":\"WebSite\",\"@id\":\"https:\\\/\\\/metalunites.de\\\/en\\\/#website\",\"url\":\"https:\\\/\\\/metalunites.de\\\/en\\\/\",\"name\":\"MetalUnites\",\"description\":\"Fans of all metal genres are hellcome.\",\"publisher\":{\"@id\":\"https:\\\/\\\/metalunites.de\\\/en\\\/#organization\"},\"alternateName\":\"MU\",\"potentialAction\":[{\"@type\":\"SearchAction\",\"target\":{\"@type\":\"EntryPoint\",\"urlTemplate\":\"https:\\\/\\\/metalunites.de\\\/en\\\/?s={search_term_string}\"},\"query-input\":{\"@type\":\"PropertyValueSpecification\",\"valueRequired\":true,\"valueName\":\"search_term_string\"}}],\"inLanguage\":\"en-US\"},{\"@type\":\"Organization\",\"@id\":\"https:\\\/\\\/metalunites.de\\\/en\\\/#organization\",\"name\":\"MetalUnites - hellcome.\",\"url\":\"https:\\\/\\\/metalunites.de\\\/en\\\/\",\"logo\":{\"@type\":\"ImageObject\",\"inLanguage\":\"en-US\",\"@id\":\"https:\\\/\\\/metalunites.de\\\/en\\\/#\\\/schema\\\/logo\\\/image\\\/\",\"url\":\"https:\\\/\\\/metalunites.de\\\/wp-content\\\/uploads\\\/2025\\\/02\\\/Logo-METALunites-640x500-1.jpg\",\"contentUrl\":\"https:\\\/\\\/metalunites.de\\\/wp-content\\\/uploads\\\/2025\\\/02\\\/Logo-METALunites-640x500-1.jpg\",\"width\":649,\"height\":500,\"caption\":\"MetalUnites - hellcome.\"},\"image\":{\"@id\":\"https:\\\/\\\/metalunites.de\\\/en\\\/#\\\/schema\\\/logo\\\/image\\\/\"},\"sameAs\":[\"https:\\\/\\\/www.facebook.com\\\/metal.unites.worldwide\",\"https:\\\/\\\/www.instagram.com\\\/metal_unites\",\"https:\\\/\\\/www.youtube.com\\\/@MetalUnites\",\"https:\\\/\\\/metalunites.bsky.social\\\/\",\"https:\\\/\\\/metalUnites@metalhead.club\\\/\",\"https:\\\/\\\/www.threads.net\\\/@metal_unites\"]}]}<\/script>\n<!-- \/ Yoast SEO plugin. -->","yoast_head_json":{"title":"Podcasts - MetalUnites","robots":{"index":"index","follow":"follow","max-snippet":"max-snippet:-1","max-image-preview":"max-image-preview:large","max-video-preview":"max-video-preview:-1"},"canonical":"https:\/\/metalunites.de\/en\/hellcome\/podcasts\/","og_locale":"en_US","og_type":"article","og_title":"Podcasts - MetalUnites","og_description":"Podcasts f\u00fcr Metalfans Hier findest Du ausgew\u00e4hlte Podcasts mit &#8222;Metalbezug&#8220;.In Klammern steht, in welcher Sprache der Podcast h\u00f6rbar ist.DE = deutsch \/ EN = englisch Wir binden die jeweils letzten [&hellip;]","og_url":"https:\/\/metalunites.de\/en\/hellcome\/podcasts\/","og_site_name":"MetalUnites","article_publisher":"https:\/\/www.facebook.com\/metal.unites.worldwide","article_modified_time":"2025-08-11T09:34:38+00:00","og_image":[{"url":"https:\/\/encrypted-tbn0.gstatic.com\/images?q=tbn:ANd9GcQJAl_2WV-vylmc5eG6dQOrG-Xm1CiVVGax74lSLj2pRA&#038;s","type":"","width":"","height":""}],"twitter_card":"summary_large_image","twitter_misc":{"Est. reading time":"3 minutes"},"schema":{"@context":"https:\/\/schema.org","@graph":[{"@type":"WebPage","@id":"https:\/\/metalunites.de\/de\/hellcome\/podcasts\/","url":"https:\/\/metalunites.de\/de\/hellcome\/podcasts\/","name":"Podcasts - MetalUnites","isPartOf":{"@id":"https:\/\/metalunites.de\/en\/#website"},"primaryImageOfPage":{"@id":"https:\/\/metalunites.de\/de\/hellcome\/podcasts\/#primaryimage"},"image":{"@id":"https:\/\/metalunites.de\/de\/hellcome\/podcasts\/#primaryimage"},"thumbnailUrl":"https:\/\/encrypted-tbn0.gstatic.com\/images?q=tbn:ANd9GcQJAl_2WV-vylmc5eG6dQOrG-Xm1CiVVGax74lSLj2pRA&#038;s","datePublished":"2025-02-27T10:09:30+00:00","dateModified":"2025-08-11T09:34:38+00:00","breadcrumb":{"@id":"https:\/\/metalunites.de\/de\/hellcome\/podcasts\/#breadcrumb"},"inLanguage":"en-US","potentialAction":[{"@type":"ReadAction","target":["https:\/\/metalunites.de\/de\/hellcome\/podcasts\/"]}]},{"@type":"ImageObject","inLanguage":"en-US","@id":"https:\/\/metalunites.de\/de\/hellcome\/podcasts\/#primaryimage","url":"https:\/\/encrypted-tbn0.gstatic.com\/images?q=tbn:ANd9GcQJAl_2WV-vylmc5eG6dQOrG-Xm1CiVVGax74lSLj2pRA&#038;s","contentUrl":"https:\/\/encrypted-tbn0.gstatic.com\/images?q=tbn:ANd9GcQJAl_2WV-vylmc5eG6dQOrG-Xm1CiVVGax74lSLj2pRA&#038;s"},{"@type":"BreadcrumbList","@id":"https:\/\/metalunites.de\/de\/hellcome\/podcasts\/#breadcrumb","itemListElement":[{"@type":"ListItem","position":1,"name":"Startseite","item":"https:\/\/metalunites.de\/de\/"},{"@type":"ListItem","position":2,"name":"hellcome","item":"https:\/\/metalunites.de\/de\/"},{"@type":"ListItem","position":3,"name":"Podcasts"}]},{"@type":"WebSite","@id":"https:\/\/metalunites.de\/en\/#website","url":"https:\/\/metalunites.de\/en\/","name":"MetalUnites","description":"Fans of all metal genres are hellcome.","publisher":{"@id":"https:\/\/metalunites.de\/en\/#organization"},"alternateName":"MU","potentialAction":[{"@type":"SearchAction","target":{"@type":"EntryPoint","urlTemplate":"https:\/\/metalunites.de\/en\/?s={search_term_string}"},"query-input":{"@type":"PropertyValueSpecification","valueRequired":true,"valueName":"search_term_string"}}],"inLanguage":"en-US"},{"@type":"Organization","@id":"https:\/\/metalunites.de\/en\/#organization","name":"MetalUnites - hellcome.","url":"https:\/\/metalunites.de\/en\/","logo":{"@type":"ImageObject","inLanguage":"en-US","@id":"https:\/\/metalunites.de\/en\/#\/schema\/logo\/image\/","url":"https:\/\/metalunites.de\/wp-content\/uploads\/2025\/02\/Logo-METALunites-640x500-1.jpg","contentUrl":"https:\/\/metalunites.de\/wp-content\/uploads\/2025\/02\/Logo-METALunites-640x500-1.jpg","width":649,"height":500,"caption":"MetalUnites - hellcome."},"image":{"@id":"https:\/\/metalunites.de\/en\/#\/schema\/logo\/image\/"},"sameAs":["https:\/\/www.facebook.com\/metal.unites.worldwide","https:\/\/www.instagram.com\/metal_unites","https:\/\/www.youtube.com\/@MetalUnites","https:\/\/metalunites.bsky.social\/","https:\/\/metalUnites@metalhead.club\/","https:\/\/www.threads.net\/@metal_unites"]}]}},"ticketed":false,"_links":{"self":[{"href":"https:\/\/metalunites.de\/en\/wp-json\/wp\/v2\/pages\/4967","targetHints":{"allow":["GET"]}}],"collection":[{"href":"https:\/\/metalunites.de\/en\/wp-json\/wp\/v2\/pages"}],"about":[{"href":"https:\/\/metalunites.de\/en\/wp-json\/wp\/v2\/types\/page"}],"author":[{"embeddable":true,"href":"https:\/\/metalunites.de\/en\/wp-json\/wp\/v2\/users\/1"}],"replies":[{"embeddable":true,"href":"https:\/\/metalunites.de\/en\/wp-json\/wp\/v2\/comments?post=4967"}],"version-history":[{"count":6,"href":"https:\/\/metalunites.de\/en\/wp-json\/wp\/v2\/pages\/4967\/revisions"}],"predecessor-version":[{"id":7638,"href":"https:\/\/metalunites.de\/en\/wp-json\/wp\/v2\/pages\/4967\/revisions\/7638"}],"up":[{"embeddable":true,"href":"https:\/\/metalunites.de\/en\/wp-json\/wp\/v2\/pages\/343"}],"wp:attachment":[{"href":"https:\/\/metalunites.de\/en\/wp-json\/wp\/v2\/media?parent=4967"}],"curies":[{"name":"wp","href":"https:\/\/api.w.org\/{rel}","templated":true}]}}